{"id":11,"date":"2016-05-19T22:40:22","date_gmt":"2016-05-19T20:40:22","guid":{"rendered":"http:\/\/dev.ccetc.de\/?page_id=11"},"modified":"2020-12-02T02:42:35","modified_gmt":"2020-12-02T01:42:35","slug":"kontakt","status":"publish","type":"page","link":"https:\/\/ccetc.de\/en\/kontakt\/","title":{"rendered":"Kontakt"},"content":{"rendered":"\n<div class=\"wp-block-columns has-2-columns break_768\">\n<div class=\"wp-block-column full_768\">\n                <div class='gf_browser_gecko gform_wrapper' id='gform_wrapper_1' style='display:none'><form method='post' enctype='multipart\/form-data'  id='gform_1'  action=\"\/en\/wp-json\/wp\/v2\/pages\/11\">\n                        <div class='gform_heading'>\n                            <h3 class='gform_title'>Kontakt Formular<\/h3>\n                            <span class='gform_description'><\/span>\n                        <\/div>\n                        <div class='gform_body'><ul id='gform_fields_1' class='gform_fields top_label form_sublabel_below description_below'><li id='field_1_1'  class='gfield gfield_contains_required field_sublabel_hidden_label field_description_below hidden_label gfield_visibility_visible' ><label class='gfield_label gfield_label_before_complex'  >Name<span class='gfield_required'>*<\/span><\/label><div class='ginput_complex ginput_container no_prefix has_first_name no_middle_name no_last_name no_suffix gf_name_has_1 ginput_container_name' id='input_1_1'>\n                            \n                            <span id='input_1_1_3_container' class='name_first' >\n                                                    <input type='text' name='input_1.3' id='input_1_1_3' value='' aria-label='First name'   aria-required=\"true\" aria-invalid=\"false\" placeholder='Name'\/>\n                                                    <label for='input_1_1_3' class='hidden_sub_label screen-reader-text'>First<\/label>\n                                                <\/span>\n                            \n                            \n                            \n                        <\/div><\/li><li id='field_1_11'  class='gfield gf_left_half field_sublabel_below field_description_above hidden_label gfield_visibility_visible' ><label class='gfield_label' for='input_1_11' >Telefon<\/label><div class='ginput_container ginput_container_phone'><input name='input_11' id='input_1_11' type='tel' value='' class='medium'  placeholder='Telefon'  aria-invalid=\"false\"  \/><\/div><\/li><li id='field_1_2'  class='gfield gf_right_half gfield_contains_required field_sublabel_below field_description_above hidden_label gfield_visibility_visible' ><label class='gfield_label' for='input_1_2' >E-Mail<span class='gfield_required'>*<\/span><\/label><div class='ginput_container ginput_container_email'>\n                            <input name='input_2' id='input_1_2' type='email' value='' class='medium'   placeholder='E-Mail' aria-required=\"true\" aria-invalid=\"false\" \/>\n                        <\/div><\/li><li id='field_1_9'  class='gfield gfield_contains_required field_sublabel_below field_description_below hidden_label gfield_visibility_visible' ><label class='gfield_label' for='input_1_9' >Betreff<span class='gfield_required'>*<\/span><\/label><div class='ginput_container ginput_container_text'><input name='input_9' id='input_1_9' type='text' value='' class='large'    placeholder='Betreff' aria-required=\"true\" aria-invalid=\"false\" \/><\/div><\/li><li id='field_1_8'  class='gfield field_sublabel_below field_description_below gfield_visibility_visible' ><label class='gfield_label' for='input_1_8' >Nachricht<\/label><div class='ginput_container ginput_container_textarea'><textarea name='input_8' id='input_1_8' class='textarea medium'      aria-invalid=\"false\"   rows='10' cols='50'><\/textarea><\/div><\/li><li id='field_1_12'  class='gfield multiply field_sublabel_below field_description_below gfield_visibility_visible' ><label class='gfield_label' for='input_1_12' ><\/label><div id='input_1_12' class='ginput_container ginput_recaptcha' data-sitekey='6LfC8MUUAAAAAGcVJMDGUF6Au27y_sRWi7w1kPZ2'  data-theme='light' data-tabindex='0'  data-badge=''><\/div><\/li>\n                            <\/ul><\/div>\n        <div class='gform_footer top_label'> <input type='submit' id='gform_submit_button_1' class='gform_button button' value='SEND IT!' tabindex='1' onclick='if(window[\"gf_submitting_1\"]){return false;}  if( !jQuery(\"#gform_1\")[0].checkValidity || jQuery(\"#gform_1\")[0].checkValidity()){window[\"gf_submitting_1\"]=true;}  ' onkeypress='if( event.keyCode == 13 ){ if(window[\"gf_submitting_1\"]){return false;} if( !jQuery(\"#gform_1\")[0].checkValidity || jQuery(\"#gform_1\")[0].checkValidity()){window[\"gf_submitting_1\"]=true;}  jQuery(\"#gform_1\").trigger(\"submit\",[true]); }' \/> \n            <input type='hidden' class='gform_hidden' name='is_submit_1' value='1' \/>\n            <input type='hidden' class='gform_hidden' name='gform_submit' value='1' \/>\n            \n            <input type='hidden' class='gform_hidden' name='gform_unique_id' value='' \/>\n            <input type='hidden' class='gform_hidden' name='state_1' value='WyJbXSIsIjY5OWQyOTBlMGRjMDY4YmMwMTg0OWMzYWViYmFhZjZlIl0=' \/>\n            <input type='hidden' class='gform_hidden' name='gform_target_page_number_1' id='gform_target_page_number_1' value='0' \/>\n            <input type='hidden' class='gform_hidden' name='gform_source_page_number_1' id='gform_source_page_number_1' value='1' \/>\n            <input type='hidden' name='gform_field_values' value='' \/>\n            \n        <\/div>\n                        <\/form>\n                        <\/div><script type='text\/javascript'> jQuery(document).bind('gform_post_render', function(event, formId, currentPage){if(formId == 1) {gf_global[\"number_formats\"][1] = {\"1\":{\"price\":false,\"value\":false},\"11\":{\"price\":false,\"value\":false},\"2\":{\"price\":false,\"value\":false},\"9\":{\"price\":false,\"value\":false},\"8\":{\"price\":false,\"value\":false},\"12\":{\"price\":false,\"value\":false}};if(window['jQuery']){if(!window['gf_form_conditional_logic'])window['gf_form_conditional_logic'] = new Array();window['gf_form_conditional_logic'][1] = { logic: { 12: {\"field\":{\"actionType\":\"show\",\"logicType\":\"all\",\"rules\":[{\"fieldId\":\"2\",\"operator\":\"contains\",\"value\":\"@\"}]},\"nextButton\":null,\"section\":null} }, dependents: { 12: [12] }, animation: 0, defaults: {\"1\":{\"1.2\":\"\",\"1.3\":\"\",\"1.4\":\"\",\"1.6\":\"\",\"1.8\":\"\"}}, fields: {\"1\":[],\"11\":[],\"2\":[12],\"9\":[],\"8\":[],\"12\":[]} }; if(!window['gf_number_format'])window['gf_number_format'] = 'decimal_dot';jQuery(document).ready(function(){gf_apply_rules(1, [12], true);jQuery('#gform_wrapper_1').show();jQuery(document).trigger('gform_post_conditional_logic', [1, null, true]);} );} if(typeof Placeholders != 'undefined'){\n                        Placeholders.enable();\n                    }} } );jQuery(document).bind('gform_post_conditional_logic', function(event, formId, fields, isInit){} );<\/script><script type='text\/javascript'> jQuery(document).ready(function(){jQuery(document).trigger('gform_post_render', [1, 1]) } ); <\/script><\/div>\n\n\n\n<div class=\"wp-block-column\">\n<p><\/p>\n<\/div>\n<\/div>\n","protected":false},"excerpt":{"rendered":"","protected":false},"author":1,"featured_media":0,"parent":0,"menu_order":6,"comment_status":"closed","ping_status":"closed","template":"","meta":{"ub_ctt_via":"","spay_email":""},"acf":[],"featured_image_src":null,"uagb_featured_image_src":{"full":false,"thumbnail":false,"medium":false,"medium_large":false,"large":false,"1536x1536":false,"2048x2048":false,"post-thumbnail":false},"uagb_author_info":{"display_name":"Hannes Dolde","author_link":"https:\/\/ccetc.de\/en\/author\/admin\/"},"uagb_comment_info":0,"uagb_excerpt":null,"yoast_head":"<!-- This site is optimized with the Yoast SEO plugin v15.3 - https:\/\/yoast.com\/wordpress\/plugins\/seo\/ -->\n<title>Kontakt - ccetc<\/title>\n<meta name=\"description\" content=\"Hannes Magnus Dolde - Designer, Illustrator - Berlin\" \/>\n<meta name=\"robots\" content=\"index, follow, max-snippet:-1, max-image-preview:large, max-video-preview:-1\" \/>\n<link rel=\"canonical\" href=\"https:\/\/ccetc.de\/kontakt\/\" \/>\n<meta property=\"og:locale\" content=\"en_US\" \/>\n<meta property=\"og:type\" content=\"article\" \/>\n<meta property=\"og:title\" content=\"Kontakt - ccetc\" \/>\n<meta property=\"og:description\" content=\"Hannes Magnus Dolde - Designer, Illustrator - Berlin\" \/>\n<meta property=\"og:url\" content=\"https:\/\/ccetc.de\/kontakt\/\" \/>\n<meta property=\"og:site_name\" content=\"ccetc\" \/>\n<meta property=\"article:modified_time\" content=\"2020-12-02T01:42:35+00:00\" \/>\n<meta property=\"og:image\" content=\"https:\/\/ccetc.de\/wp-content\/uploads\/2020\/01\/ccetc_banner-1.jpg\" \/>\n\t<meta property=\"og:image:width\" content=\"2540\" \/>\n\t<meta property=\"og:image:height\" content=\"1361\" \/>\n<meta name=\"twitter:card\" content=\"summary_large_image\" \/>\n<meta name=\"twitter:label1\" content=\"Written by\">\n\t<meta name=\"twitter:data1\" content=\"Hannes Dolde\">\n\t<meta name=\"twitter:label2\" content=\"Est. reading time\">\n\t<meta name=\"twitter:data2\" content=\"0 minutes\">\n<script type=\"application\/ld+json\" class=\"yoast-schema-graph\">{\"@context\":\"https:\/\/schema.org\",\"@graph\":[{\"@type\":[\"Person\",\"Organization\"],\"@id\":\"https:\/\/ccetc.de\/#\/schema\/person\/4bfff5ba4383efd4c3ded7f000fe2af5\",\"name\":\"Hannes Dolde\",\"image\":{\"@type\":\"ImageObject\",\"@id\":\"https:\/\/ccetc.de\/#personlogo\",\"inLanguage\":\"en-US\",\"url\":\"https:\/\/secure.gravatar.com\/avatar\/90925f6cd3130b802cd508b6059ce31c?s=96&d=mm&r=g\",\"caption\":\"Hannes Dolde\"},\"logo\":{\"@id\":\"https:\/\/ccetc.de\/#personlogo\"}},{\"@type\":\"WebSite\",\"@id\":\"https:\/\/ccetc.de\/#website\",\"url\":\"https:\/\/ccetc.de\/\",\"name\":\"ccetc\",\"description\":\"corporate, concept et character\",\"publisher\":{\"@id\":\"https:\/\/ccetc.de\/#\/schema\/person\/4bfff5ba4383efd4c3ded7f000fe2af5\"},\"potentialAction\":[{\"@type\":\"SearchAction\",\"target\":\"https:\/\/ccetc.de\/?s={search_term_string}\",\"query-input\":\"required name=search_term_string\"}],\"inLanguage\":\"en-US\"},{\"@type\":\"WebPage\",\"@id\":\"https:\/\/ccetc.de\/kontakt\/#webpage\",\"url\":\"https:\/\/ccetc.de\/kontakt\/\",\"name\":\"Kontakt - ccetc\",\"isPartOf\":{\"@id\":\"https:\/\/ccetc.de\/#website\"},\"datePublished\":\"2016-05-19T20:40:22+00:00\",\"dateModified\":\"2020-12-02T01:42:35+00:00\",\"description\":\"Hannes Magnus Dolde - Designer, Illustrator - Berlin\",\"inLanguage\":\"en-US\",\"potentialAction\":[{\"@type\":\"ReadAction\",\"target\":[\"https:\/\/ccetc.de\/kontakt\/\"]}]}]}<\/script>\n<!-- \/ Yoast SEO plugin. -->","jetpack-related-posts":[{"id":624,"url":"https:\/\/ccetc.de\/en\/impressum\/","url_meta":{"origin":11,"position":0},"title":"Legal notice","date":"Tuesday December  3rd, 2019","format":false,"excerpt":"Informationspflicht laut \u00a7 5 TMG. Hannes Magnus Dolde Simon-Dach-Strasse,10245 Berlin,Deutschland Tel.:\u00a0+49 179 75 32 733E-Mail:\u00a0hannes.dolde@ccetc.de USt-ID: 14 \/ 264 \/ 63097 EU-Streitschlichtung Gem\u00e4\u00df Verordnung \u00fcber Online-Streitbeilegung in Verbraucherangelegenheiten (ODR-Verordnung) m\u00f6chten wir Sie \u00fcber die Online-Streitbeilegungsplattform (OS-Plattform) informieren.Verbraucher haben die M\u00f6glichkeit, Beschwerden an die Online Streitbeilegungsplattform der Europ\u00e4ischen Kommission unter\u00a0http:\/\/ec.europa.eu\/odr?tid=321133233\u00a0zu richten.\u2026","rel":"","context":"Similar post","img":{"alt_text":"","src":"","width":0,"height":0},"classes":[]},{"id":268,"url":"https:\/\/ccetc.de\/en\/datenschutzerklaerung\/","url_meta":{"origin":11,"position":1},"title":"Datenschutzerkl\u00e4rung","date":"Friday November  8th, 2019","format":false,"excerpt":"Datenschutz Wir haben diese Datenschutzerkl\u00e4rung (Fassung 03.12.2019-311133230) verfasst, um Ihnen gem\u00e4\u00df der Vorgaben der\u00a0Datenschutz-Grundverordnung (EU) 2016\/679\u00a0zu erkl\u00e4ren, welche Informationen wir sammeln, wie wir Daten verwenden und welche Entscheidungsm\u00f6glichkeiten Sie als Besucher dieser Webseite haben. Leider liegt es in der Natur der Sache, dass diese Erkl\u00e4rungen sehr technisch klingen, wir haben\u2026","rel":"","context":"Similar post","img":{"alt_text":"","src":"","width":0,"height":0},"classes":[]}],"_links":{"self":[{"href":"https:\/\/ccetc.de\/en\/wp-json\/wp\/v2\/pages\/11"}],"collection":[{"href":"https:\/\/ccetc.de\/en\/wp-json\/wp\/v2\/pages"}],"about":[{"href":"https:\/\/ccetc.de\/en\/wp-json\/wp\/v2\/types\/page"}],"author":[{"embeddable":true,"href":"https:\/\/ccetc.de\/en\/wp-json\/wp\/v2\/users\/1"}],"replies":[{"embeddable":true,"href":"https:\/\/ccetc.de\/en\/wp-json\/wp\/v2\/comments?post=11"}],"version-history":[{"count":62,"href":"https:\/\/ccetc.de\/en\/wp-json\/wp\/v2\/pages\/11\/revisions"}],"predecessor-version":[{"id":1304,"href":"https:\/\/ccetc.de\/en\/wp-json\/wp\/v2\/pages\/11\/revisions\/1304"}],"wp:attachment":[{"href":"https:\/\/ccetc.de\/en\/wp-json\/wp\/v2\/media?parent=11"}],"curies":[{"name":"wp","href":"https:\/\/api.w.org\/{rel}","templated":true}]}}