{"id":8,"date":"2016-05-19T22:40:15","date_gmt":"2016-05-19T20:40:15","guid":{"rendered":"http:\/\/dev.ccetc.de\/?page_id=8"},"modified":"2023-08-28T12:29:23","modified_gmt":"2023-08-28T10:29:23","slug":"about","status":"publish","type":"page","link":"https:\/\/ccetc.de\/en\/about\/","title":{"rendered":"About"},"content":{"rendered":"","protected":false},"excerpt":{"rendered":"","protected":false},"author":1,"featured_media":0,"parent":0,"menu_order":4,"comment_status":"closed","ping_status":"closed","template":"page-about.php","meta":{"ub_ctt_via":"","spay_email":""},"acf":[],"featured_image_src":null,"uagb_featured_image_src":{"full":false,"thumbnail":false,"medium":false,"medium_large":false,"large":false,"1536x1536":false,"2048x2048":false,"post-thumbnail":false},"uagb_author_info":{"display_name":"Hannes Dolde","author_link":"https:\/\/ccetc.de\/en\/author\/admin\/"},"uagb_comment_info":0,"uagb_excerpt":null,"yoast_head":"<!-- This site is optimized with the Yoast SEO plugin v15.3 - https:\/\/yoast.com\/wordpress\/plugins\/seo\/ -->\n<title>About - ccetc<\/title>\n<meta name=\"description\" content=\"Ccetc ist Hannes Dolde. Mein T\u00e4tigkeitsfeld ist vielseitig und reicht von Konzeption und Corporate Design \u00fcber Illustration zu Webdesign, sowie Entwicklung.\" \/>\n<meta name=\"robots\" content=\"index, follow, max-snippet:-1, max-image-preview:large, max-video-preview:-1\" \/>\n<link rel=\"canonical\" href=\"https:\/\/ccetc.de\/about\/\" \/>\n<meta property=\"og:locale\" content=\"en_US\" \/>\n<meta property=\"og:type\" content=\"article\" \/>\n<meta property=\"og:title\" content=\"About - ccetc\" \/>\n<meta property=\"og:description\" content=\"Ccetc ist Hannes Dolde. Mein T\u00e4tigkeitsfeld ist vielseitig und reicht von Konzeption und Corporate Design \u00fcber Illustration zu Webdesign, sowie Entwicklung.\" \/>\n<meta property=\"og:url\" content=\"https:\/\/ccetc.de\/about\/\" \/>\n<meta property=\"og:site_name\" content=\"ccetc\" \/>\n<meta property=\"article:modified_time\" content=\"2023-08-28T10:29:23+00:00\" \/>\n<meta property=\"og:image\" content=\"https:\/\/ccetc.de\/wp-content\/uploads\/2020\/01\/ccetc_banner-1.jpg\" \/>\n\t<meta property=\"og:image:width\" content=\"2540\" \/>\n\t<meta property=\"og:image:height\" content=\"1361\" \/>\n<meta name=\"twitter:card\" content=\"summary_large_image\" \/>\n<meta name=\"twitter:label1\" content=\"Written by\">\n\t<meta name=\"twitter:data1\" content=\"Hannes Dolde\">\n<script type=\"application\/ld+json\" class=\"yoast-schema-graph\">{\"@context\":\"https:\/\/schema.org\",\"@graph\":[{\"@type\":[\"Person\",\"Organization\"],\"@id\":\"https:\/\/ccetc.de\/#\/schema\/person\/4bfff5ba4383efd4c3ded7f000fe2af5\",\"name\":\"Hannes Dolde\",\"image\":{\"@type\":\"ImageObject\",\"@id\":\"https:\/\/ccetc.de\/#personlogo\",\"inLanguage\":\"en-US\",\"url\":\"https:\/\/secure.gravatar.com\/avatar\/90925f6cd3130b802cd508b6059ce31c?s=96&d=mm&r=g\",\"caption\":\"Hannes Dolde\"},\"logo\":{\"@id\":\"https:\/\/ccetc.de\/#personlogo\"}},{\"@type\":\"WebSite\",\"@id\":\"https:\/\/ccetc.de\/#website\",\"url\":\"https:\/\/ccetc.de\/\",\"name\":\"ccetc\",\"description\":\"corporate, concept et character\",\"publisher\":{\"@id\":\"https:\/\/ccetc.de\/#\/schema\/person\/4bfff5ba4383efd4c3ded7f000fe2af5\"},\"potentialAction\":[{\"@type\":\"SearchAction\",\"target\":\"https:\/\/ccetc.de\/?s={search_term_string}\",\"query-input\":\"required name=search_term_string\"}],\"inLanguage\":\"en-US\"},{\"@type\":\"WebPage\",\"@id\":\"https:\/\/ccetc.de\/about\/#webpage\",\"url\":\"https:\/\/ccetc.de\/about\/\",\"name\":\"About - ccetc\",\"isPartOf\":{\"@id\":\"https:\/\/ccetc.de\/#website\"},\"datePublished\":\"2016-05-19T20:40:15+00:00\",\"dateModified\":\"2023-08-28T10:29:23+00:00\",\"description\":\"Ccetc ist Hannes Dolde. Mein T\\u00e4tigkeitsfeld ist vielseitig und reicht von Konzeption und Corporate Design \\u00fcber Illustration zu Webdesign, sowie Entwicklung.\",\"inLanguage\":\"en-US\",\"potentialAction\":[{\"@type\":\"ReadAction\",\"target\":[\"https:\/\/ccetc.de\/about\/\"]}]}]}<\/script>\n<!-- \/ Yoast SEO plugin. -->","jetpack-related-posts":[{"id":268,"url":"https:\/\/ccetc.de\/en\/datenschutzerklaerung\/","url_meta":{"origin":8,"position":0},"title":"Datenschutzerkl\u00e4rung","date":"Friday November  8th, 2019","format":false,"excerpt":"Datenschutz Wir haben diese Datenschutzerkl\u00e4rung (Fassung 03.12.2019-311133230) verfasst, um Ihnen gem\u00e4\u00df der Vorgaben der\u00a0Datenschutz-Grundverordnung (EU) 2016\/679\u00a0zu erkl\u00e4ren, welche Informationen wir sammeln, wie wir Daten verwenden und welche Entscheidungsm\u00f6glichkeiten Sie als Besucher dieser Webseite haben. Leider liegt es in der Natur der Sache, dass diese Erkl\u00e4rungen sehr technisch klingen, wir haben\u2026","rel":"","context":"Similar post","img":{"alt_text":"","src":"","width":0,"height":0},"classes":[]}],"_links":{"self":[{"href":"https:\/\/ccetc.de\/en\/wp-json\/wp\/v2\/pages\/8"}],"collection":[{"href":"https:\/\/ccetc.de\/en\/wp-json\/wp\/v2\/pages"}],"about":[{"href":"https:\/\/ccetc.de\/en\/wp-json\/wp\/v2\/types\/page"}],"author":[{"embeddable":true,"href":"https:\/\/ccetc.de\/en\/wp-json\/wp\/v2\/users\/1"}],"replies":[{"embeddable":true,"href":"https:\/\/ccetc.de\/en\/wp-json\/wp\/v2\/comments?post=8"}],"version-history":[{"count":100,"href":"https:\/\/ccetc.de\/en\/wp-json\/wp\/v2\/pages\/8\/revisions"}],"predecessor-version":[{"id":1665,"href":"https:\/\/ccetc.de\/en\/wp-json\/wp\/v2\/pages\/8\/revisions\/1665"}],"wp:attachment":[{"href":"https:\/\/ccetc.de\/en\/wp-json\/wp\/v2\/media?parent=8"}],"curies":[{"name":"wp","href":"https:\/\/api.w.org\/{rel}","templated":true}]}}